{"id":477,"date":"2022-06-11T10:09:29","date_gmt":"2022-06-11T10:09:29","guid":{"rendered":"https:\/\/voyageslointains.fr\/?page_id=477"},"modified":"2025-08-09T11:46:30","modified_gmt":"2025-08-09T11:46:30","slug":"a-propos-de-moi","status":"publish","type":"page","link":"https:\/\/voyageslointains.fr\/","title":{"rendered":"Suivez nos aventures \u00e0 travers le monde sur voyages lointains"},"content":{"rendered":"\n<figure class=\"wp-block-image alignright size-large is-resized is-style-default\" style=\"margin-top:0;margin-bottom:0\"><img fetchpriority=\"high\" decoding=\"async\" width=\"1024\" height=\"1024\" src=\"http:\/\/voyageslointains.fr\/wp-content\/uploads\/2025\/08\/Design-sans-titre-1-1024x1024.png\" alt=\"\" class=\"wp-image-5770\" style=\"object-fit:contain;width:350px;height:350px\" srcset=\"https:\/\/voyageslointains.fr\/wp-content\/uploads\/2025\/08\/Design-sans-titre-1-1024x1024.png 1024w, https:\/\/voyageslointains.fr\/wp-content\/uploads\/2025\/08\/Design-sans-titre-1-300x300.png 300w, https:\/\/voyageslointains.fr\/wp-content\/uploads\/2025\/08\/Design-sans-titre-1-150x150.png 150w, https:\/\/voyageslointains.fr\/wp-content\/uploads\/2025\/08\/Design-sans-titre-1-768x768.png 768w, https:\/\/voyageslointains.fr\/wp-content\/uploads\/2025\/08\/Design-sans-titre-1.png 1080w\" sizes=\"(max-width: 1024px) 100vw, 1024px\" \/><\/figure>\n\n\n\n<p class=\"has-text-align-center\">Le voyage est bien plus qu\u2019un loisir pour moi, c\u2019est une v\u00e9ritable fa\u00e7on de vivre. Curieuse et passionn\u00e9e, je pars \u00e0 la d\u00e9couverte du monde d\u00e8s que l\u2019occasion se pr\u00e9sente, que ce soit pour le plaisir ou dans le cadre professionnel. Mon mari est mon fid\u00e8le compagnon d\u2019aventure, et ensemble, nous explorons des destinations qui nous inspirent et nous \u00e9merveillent.<\/p>\n\n\n\n<p class=\"has-text-align-center\">Apr\u00e8s des ann\u00e9es \u00e0 consulter des blogs pour pr\u00e9parer nos escapades, j\u2019ai eu envie de partager, \u00e0 mon tour, nos exp\u00e9riences, nos coups de c\u0153ur et nos plus belles images. Ce site est n\u00e9 de cette envie : un carnet de voyage vivant, sinc\u00e8re et ouvert \u00e0 tous les curieux.<\/p>\n\n\n\n<p class=\"has-text-align-center\">\ud83d\udcf8 Vous pouvez aussi me suivre sur Instagram, Facebook et Tiktok, o\u00f9 je publie r\u00e9guli\u00e8rement des clich\u00e9s de nos p\u00e9riples.<\/p>\n\n\n\n<p class=\"has-text-align-center\">\ud83d\udcac Une question, une envie d\u2019\u00e9change ou de conseil ? N\u2019h\u00e9sitez pas \u00e0 me contacter, je serai ravie de discuter avec vous.<\/p>\n\n\n\n<p>\ud83c\udf0d Pays visit\u00e9s<\/p>\n\n\n\n<p class=\"has-text-align-center\">Nous avons eu la chance de d\u00e9couvrir de nombreux pays, parmi lesquels :<\/p>\n\n\n\n<ul class=\"wp-block-list\">\n<li>\ud83c\uddfa\ud83c\uddf8 \u00c9tats-Unis (c\u00f4te Est &amp; Ouest)<\/li>\n\n\n\n<li>\ud83c\uddf2\ud83c\uddfd Mexique<\/li>\n\n\n\n<li>\ud83c\udde9\ud83c\uddf4 R\u00e9publique Dominicaine<\/li>\n\n\n\n<li>\ud83c\uddec\ud83c\uddf5 Guadeloupe<\/li>\n\n\n\n<li>\ud83c\uddef\ud83c\uddf5 Japon<\/li>\n\n\n\n<li>\ud83c\uddf9\ud83c\udded Tha\u00eflande<\/li>\n\n\n\n<li>\ud83c\uddfb\ud83c\uddf3 Vietnam<\/li>\n\n\n\n<li>\ud83c\udde8\ud83c\uddfa Cuba<\/li>\n\n\n\n<li>\ud83c\udde8\ud83c\udde6 Canada (c\u00f4te Est &amp; Ouest)<\/li>\n\n\n\n<li>\ud83c\uddea\ud83c\uddf8 Espagne<\/li>\n\n\n\n<li>\ud83c\uddec\ud83c\udde7 Angleterre<\/li>\n\n\n\n<li>\ud83c\uddee\ud83c\uddf9 Italie<\/li>\n\n\n\n<li>\ud83c\uddf2\ud83c\udde6 Maroc<\/li>\n\n\n\n<li>\ud83c\uddf0\ud83c\uddea Kenya<\/li>\n\n\n\n<li>\ud83c\udde8\ud83c\uddff R\u00e9publique Tch\u00e8que<\/li>\n\n\n\n<li>\ud83c\udded\ud83c\uddfa Hongrie<\/li>\n\n\n\n<li>\ud83c\udde6\ud83c\uddf1 Albanie<\/li>\n\n\n\n<li>\ud83c\udded\ud83c\uddf7 Croatie<\/li>\n\n\n\n<li>\ud83c\uddec\ud83c\uddf7 Gr\u00e8ce<\/li>\n\n\n\n<li>\u2026 et bien d\u2019autres encore !<\/li>\n<\/ul>\n\n\n\n<h2 class=\"wp-block-heading has-light-green-cyan-color has-text-color has-link-color has-medium-font-size wp-elements-593c0ca355988cb2a4f3a0feb9128a44\" style=\"text-transform:capitalize\">Mes derniers voyages :<\/h2>\n\n\n\n<div class=\"wp-block-query is-layout-flow wp-block-query-is-layout-flow\"><ul class=\"columns-3 wp-block-post-template is-layout-grid wp-container-core-post-template-is-layout-6d3fbd8f wp-block-post-template-is-layout-grid\"><li class=\"wp-block-post post-9436 post type-post status-publish format-standard hentry category-france\">\n\n<div class=\"wp-block-group is-layout-flow wp-block-group-is-layout-flow\" style=\"padding-top:30px;padding-right:30px;padding-bottom:30px;padding-left:30px\"><div class=\"wp-block-group__inner-container\"><h2 class=\"wp-block-post-title\"><a href=\"https:\/\/voyageslointains.fr\/?p=9436\" target=\"_self\" >Paris<\/a><\/h2>\n\n<div class=\"wp-block-post-excerpt\"><p class=\"wp-block-post-excerpt__excerpt\">Que faire \u00e0 Paris en 2 jours : classiques et p\u00e9pites cach\u00e9es Avril 2026 Nous profitons de ma venue \u00e0 Paris pour un salon afin de red\u00e9couvrir la capitale, o\u00f9 nous n\u2019\u00e9tions plus venus ensemble depuis plusieurs ann\u00e9es. C\u2019est l\u2019occasion id\u00e9ale de m\u00ealer incontournables parisiens et endroits plus confidentiels. Mon mari me rejoint d\u00e8s vendredi\u2026 <\/p><\/div>\n\n<div class=\"wp-block-post-date\"><time datetime=\"2026-05-03T14:13:07+00:00\">03\/05\/2026<\/time><\/div><\/div><\/div>\n\n<\/li><li class=\"wp-block-post post-9369 post type-post status-publish format-standard hentry category-uncategorized\">\n\n<div class=\"wp-block-group is-layout-flow wp-block-group-is-layout-flow\" style=\"padding-top:30px;padding-right:30px;padding-bottom:30px;padding-left:30px\"><div class=\"wp-block-group__inner-container\"><h2 class=\"wp-block-post-title\"><a href=\"https:\/\/voyageslointains.fr\/?p=9369\" target=\"_self\" >Francfort, Mayence, Wiesbaden<\/a><\/h2>\n\n<div class=\"wp-block-post-excerpt\"><p class=\"wp-block-post-excerpt__excerpt\">Mon escapade hivernale \u00e0 Francfort, Mayence et Wiesbaden : la magie des march\u00e9s de No\u00ebl D\u00e9cembre 2025 Francfort est une grande ville d\u2019Allemagne que j\u2019ai rapidement parcourue lors de voyages professionnels. Nous d\u00e9cidons donc d\u2019aller l\u2019explorer pendant la p\u00e9riode des march\u00e9s de No\u00ebl, qui lui donne un charme tout particulier. Non loin se trouvent aussi\u2026 <\/p><\/div>\n\n<div class=\"wp-block-post-date\"><time datetime=\"2025-12-15T14:41:42+00:00\">15\/12\/2025<\/time><\/div><\/div><\/div>\n\n<\/li><li class=\"wp-block-post post-7805 post type-post status-publish format-standard hentry category-leurope-du-sud category-uncategorized\">\n\n<div class=\"wp-block-group is-layout-flow wp-block-group-is-layout-flow\" style=\"padding-top:30px;padding-right:30px;padding-bottom:30px;padding-left:30px\"><div class=\"wp-block-group__inner-container\"><h2 class=\"wp-block-post-title\"><a href=\"https:\/\/voyageslointains.fr\/?p=7805\" target=\"_self\" >Malaga<\/a><\/h2>\n\n<div class=\"wp-block-post-excerpt\"><p class=\"wp-block-post-excerpt__excerpt\">Que faire \u00e0 Malaga ? Mon voyage entre culture, plages et gastronomie Octobre 2025 Malaga est une ville d&rsquo;Andalousie r\u00e9put\u00e9e pour sa douceur de vivre en hors saison. Le moment id\u00e9al pour aller profiter d&rsquo;un peu du soleil et des saveurs espagnoles. Nous arrivons vers 13h \u00e0 notre h\u00f4tel o\u00f9 nous avons la chance de\u2026 <\/p><\/div>\n\n<div class=\"wp-block-post-date\"><time datetime=\"2025-10-06T16:11:03+00:00\">06\/10\/2025<\/time><\/div><\/div><\/div>\n\n<\/li><li class=\"wp-block-post post-5483 post type-post status-publish format-standard hentry category-uncategorized\">\n\n<div class=\"wp-block-group is-layout-flow wp-block-group-is-layout-flow\" style=\"padding-top:30px;padding-right:30px;padding-bottom:30px;padding-left:30px\"><div class=\"wp-block-group__inner-container\"><h2 class=\"wp-block-post-title\"><a href=\"https:\/\/voyageslointains.fr\/?p=5483\" target=\"_self\" >Lofoten<\/a><\/h2>\n\n<div class=\"wp-block-post-excerpt\"><p class=\"wp-block-post-excerpt__excerpt\">Nature brute, rorbu traditionnels et randonn\u00e9es au c\u0153ur des fjords norv\u00e9giens des \u00eeles Lofoten. Juillet 2025 La Norv\u00e8ge est un pays que nous devions visiter lors de la p\u00e9riode Covid mais nous avions d\u00fb annuler \u00e0 cause des restrictions de l&rsquo;\u00e9poque. Nous sommes heureux de partir \u00e0 la d\u00e9couverte de ce pays au paysages grandioses\u2026 <\/p><\/div>\n\n<div class=\"wp-block-post-date\"><time datetime=\"2025-08-02T08:39:01+00:00\">02\/08\/2025<\/time><\/div><\/div><\/div>\n\n<\/li><li class=\"wp-block-post post-5486 post type-post status-publish format-standard hentry category-leurope-du-nord category-uncategorized\">\n\n<div class=\"wp-block-group is-layout-flow wp-block-group-is-layout-flow\" style=\"padding-top:30px;padding-right:30px;padding-bottom:30px;padding-left:30px\"><div class=\"wp-block-group__inner-container\"><h2 class=\"wp-block-post-title\"><a href=\"https:\/\/voyageslointains.fr\/?p=5486\" target=\"_self\" >Le Sud de la Norv\u00e8ge<\/a><\/h2>\n\n<div class=\"wp-block-post-excerpt\"><p class=\"wp-block-post-excerpt__excerpt\">Un itin\u00e9raire de 2 semaines de r\u00eave en Norv\u00e8ge entre fjords majestueux, villages pittoresques et panoramas nordiques. Juillet 2025 La Norv\u00e8ge est un pays que nous devions visiter lors de la p\u00e9riode Covid mais nous avions d\u00fb annuler \u00e0 cause des restrictions de l&rsquo;\u00e9poque. Nous sommes heureux de partir \u00e0 la d\u00e9couverte de ce pays\u2026 <\/p><\/div>\n\n<div class=\"wp-block-post-date\"><time datetime=\"2025-07-26T15:31:21+00:00\">26\/07\/2025<\/time><\/div><\/div><\/div>\n\n<\/li><li class=\"wp-block-post post-5427 post type-post status-publish format-standard hentry category-lasie\">\n\n<div class=\"wp-block-group is-layout-flow wp-block-group-is-layout-flow\" style=\"padding-top:30px;padding-right:30px;padding-bottom:30px;padding-left:30px\"><div class=\"wp-block-group__inner-container\"><h2 class=\"wp-block-post-title\"><a href=\"https:\/\/voyageslointains.fr\/?p=5427\" target=\"_self\" >Dubai et Abu Dhabi<\/a><\/h2>\n\n<div class=\"wp-block-post-excerpt\"><p class=\"wp-block-post-excerpt__excerpt\">Entre gratte-ciel futuristes, palais dor\u00e9s et dunes infinies : un voyage inoubliable \u00e0 Duba\u00ef, Abu Dhabi et dans le d\u00e9sert des \u00c9mirats. Mai 2025 Dubai, ville des \u00e9mirats arabes unis, est connue pour ses immenses buildings et malls mais aussi pour son bord de plage et son d\u00e9sert tout proche. M\u00eame si elle reste assez\u2026 <\/p><\/div>\n\n<div class=\"wp-block-post-date\"><time datetime=\"2025-06-04T15:41:42+00:00\">04\/06\/2025<\/time><\/div><\/div><\/div>\n\n<\/li><\/ul><\/div>\n\n\n\n<p><\/p>\n","protected":false},"excerpt":{"rendered":"<p>Le voyage est bien plus qu\u2019un loisir pour moi, c\u2019est une v\u00e9ritable fa\u00e7on de vivre. Curieuse et passionn\u00e9e, je pars \u00e0 la d\u00e9couverte du monde d\u00e8s que l\u2019occasion se pr\u00e9sente, que ce soit pour le plaisir ou dans le cadre professionnel. Mon mari est mon fid\u00e8le compagnon d\u2019aventure, et ensemble, nous explorons des destinations qui [&hellip;]<\/p>\n","protected":false},"author":1,"featured_media":0,"parent":0,"menu_order":0,"comment_status":"closed","ping_status":"closed","template":"","meta":{"om_disable_all_campaigns":false,"site-sidebar-layout":"default","site-content-layout":"","ast-site-content-layout":"default","site-content-style":"default","site-sidebar-style":"default","ast-global-header-display":"","ast-banner-title-visibility":"","ast-main-header-display":"","ast-hfb-above-header-display":"","ast-hfb-below-header-display":"","ast-hfb-mobile-header-display":"","site-post-title":"","ast-breadcrumbs-content":"","ast-featured-img":"","footer-sml-layout":"","ast-disable-related-posts":"","theme-transparent-header-meta":"","adv-header-id-meta":"","stick-header-meta":"","header-above-stick-meta":"","header-main-stick-meta":"","header-below-stick-meta":"","astra-migrate-meta-layouts":"set","ast-page-background-enabled":"default","ast-page-background-meta":{"desktop":{"background-color":"","background-image":"","background-repeat":"repeat","background-position":"center center","background-size":"auto","background-attachment":"scroll","background-type":"","background-media":"","overlay-type":"","overlay-color":"","overlay-gradient":""},"tablet":{"background-color":"","background-image":"","background-repeat":"repeat","background-position":"center center","background-size":"auto","background-attachment":"scroll","background-type":"","background-media":"","overlay-type":"","overlay-color":"","overlay-gradient":""},"mobile":{"background-color":"","background-image":"","background-repeat":"repeat","background-position":"center center","background-size":"auto","background-attachment":"scroll","background-type":"","background-media":"","overlay-type":"","overlay-color":"","overlay-gradient":""}},"ast-content-background-meta":{"desktop":{"background-color":"var(--ast-global-color-5)","background-image":"","background-repeat":"repeat","background-position":"center center","background-size":"auto","background-attachment":"scroll","background-type":"","background-media":"","overlay-type":"","overlay-color":"","overlay-gradient":""},"tablet":{"background-color":"var(--ast-global-color-5)","background-image":"","background-repeat":"repeat","background-position":"center center","background-size":"auto","background-attachment":"scroll","background-type":"","background-media":"","overlay-type":"","overlay-color":"","overlay-gradient":""},"mobile":{"background-color":"var(--ast-global-color-5)","background-image":"","background-repeat":"repeat","background-position":"center center","background-size":"auto","background-attachment":"scroll","background-type":"","background-media":"","overlay-type":"","overlay-color":"","overlay-gradient":""}},"footnotes":""},"class_list":["post-477","page","type-page","status-publish","hentry"],"aioseo_notices":[],"yoast_head":"<!-- This site is optimized with the Yoast SEO plugin v27.5 - https:\/\/yoast.com\/product\/yoast-seo-wordpress\/ -->\n<title>Suivez nos aventures \u00e0 travers le monde sur voyages lointains - voyageslointains.fr<\/title>\n<meta name=\"robots\" content=\"index, follow, max-snippet:-1, max-image-preview:large, max-video-preview:-1\" \/>\n<link rel=\"canonical\" href=\"https:\/\/voyageslointains.fr\/\" \/>\n<meta property=\"og:locale\" content=\"fr_FR\" \/>\n<meta property=\"og:type\" content=\"article\" \/>\n<meta property=\"og:title\" content=\"Suivez nos aventures \u00e0 travers le monde sur voyages lointains - voyageslointains.fr\" \/>\n<meta property=\"og:description\" content=\"Le voyage est bien plus qu\u2019un loisir pour moi, c\u2019est une v\u00e9ritable fa\u00e7on de vivre. Curieuse et passionn\u00e9e, je pars \u00e0 la d\u00e9couverte du monde d\u00e8s que l\u2019occasion se pr\u00e9sente, que ce soit pour le plaisir ou dans le cadre professionnel. Mon mari est mon fid\u00e8le compagnon d\u2019aventure, et ensemble, nous explorons des destinations qui [&hellip;]\" \/>\n<meta property=\"og:url\" content=\"https:\/\/voyageslointains.fr\/\" \/>\n<meta property=\"og:site_name\" content=\"voyageslointains.fr\" \/>\n<meta property=\"article:publisher\" content=\"https:\/\/www.facebook.com\/people\/Voyageslointains\/100086753413367\/\" \/>\n<meta property=\"article:modified_time\" content=\"2025-08-09T11:46:30+00:00\" \/>\n<meta property=\"og:image\" content=\"https:\/\/voyageslointains.fr\/wp-content\/uploads\/2025\/08\/Design-sans-titre-1.png\" \/>\n\t<meta property=\"og:image:width\" content=\"1080\" \/>\n\t<meta property=\"og:image:height\" content=\"1080\" \/>\n\t<meta property=\"og:image:type\" content=\"image\/png\" \/>\n<meta name=\"twitter:card\" content=\"summary_large_image\" \/>\n<meta name=\"twitter:label1\" content=\"Dur\u00e9e de lecture estim\u00e9e\" \/>\n\t<meta name=\"twitter:data1\" content=\"1 minute\" \/>\n<script type=\"application\/ld+json\" class=\"yoast-schema-graph\">{\"@context\":\"https:\\\/\\\/schema.org\",\"@graph\":[{\"@type\":\"WebPage\",\"@id\":\"https:\\\/\\\/voyageslointains.fr\\\/\",\"url\":\"https:\\\/\\\/voyageslointains.fr\\\/\",\"name\":\"Suivez nos aventures \u00e0 travers le monde sur voyages lointains - voyageslointains.fr\",\"isPartOf\":{\"@id\":\"https:\\\/\\\/voyageslointains.fr\\\/#website\"},\"primaryImageOfPage\":{\"@id\":\"https:\\\/\\\/voyageslointains.fr\\\/#primaryimage\"},\"image\":{\"@id\":\"https:\\\/\\\/voyageslointains.fr\\\/#primaryimage\"},\"thumbnailUrl\":\"http:\\\/\\\/voyageslointains.fr\\\/wp-content\\\/uploads\\\/2025\\\/08\\\/Design-sans-titre-1-1024x1024.png\",\"datePublished\":\"2022-06-11T10:09:29+00:00\",\"dateModified\":\"2025-08-09T11:46:30+00:00\",\"breadcrumb\":{\"@id\":\"https:\\\/\\\/voyageslointains.fr\\\/#breadcrumb\"},\"inLanguage\":\"fr-FR\",\"potentialAction\":[{\"@type\":\"ReadAction\",\"target\":[\"https:\\\/\\\/voyageslointains.fr\\\/\"]}]},{\"@type\":\"ImageObject\",\"inLanguage\":\"fr-FR\",\"@id\":\"https:\\\/\\\/voyageslointains.fr\\\/#primaryimage\",\"url\":\"https:\\\/\\\/voyageslointains.fr\\\/wp-content\\\/uploads\\\/2025\\\/08\\\/Design-sans-titre-1.png\",\"contentUrl\":\"https:\\\/\\\/voyageslointains.fr\\\/wp-content\\\/uploads\\\/2025\\\/08\\\/Design-sans-titre-1.png\",\"width\":1080,\"height\":1080},{\"@type\":\"BreadcrumbList\",\"@id\":\"https:\\\/\\\/voyageslointains.fr\\\/#breadcrumb\",\"itemListElement\":[{\"@type\":\"ListItem\",\"position\":1,\"name\":\"Accueil\",\"item\":\"https:\\\/\\\/voyageslointains.fr\\\/\"},{\"@type\":\"ListItem\",\"position\":2,\"name\":\"Suivez nos aventures \u00e0 travers le monde sur voyages lointains\"}]},{\"@type\":\"WebSite\",\"@id\":\"https:\\\/\\\/voyageslointains.fr\\\/#website\",\"url\":\"https:\\\/\\\/voyageslointains.fr\\\/\",\"name\":\"voyageslointains.fr\",\"description\":\"Suivez nos aventures \u00e0 travers le monde sur voyages lointains\",\"publisher\":{\"@id\":\"https:\\\/\\\/voyageslointains.fr\\\/#organization\"},\"potentialAction\":[{\"@type\":\"SearchAction\",\"target\":{\"@type\":\"EntryPoint\",\"urlTemplate\":\"https:\\\/\\\/voyageslointains.fr\\\/?s={search_term_string}\"},\"query-input\":{\"@type\":\"PropertyValueSpecification\",\"valueRequired\":true,\"valueName\":\"search_term_string\"}}],\"inLanguage\":\"fr-FR\"},{\"@type\":\"Organization\",\"@id\":\"https:\\\/\\\/voyageslointains.fr\\\/#organization\",\"name\":\"Voyages Lointains\",\"url\":\"https:\\\/\\\/voyageslointains.fr\\\/\",\"logo\":{\"@type\":\"ImageObject\",\"inLanguage\":\"fr-FR\",\"@id\":\"https:\\\/\\\/voyageslointains.fr\\\/#\\\/schema\\\/logo\\\/image\\\/\",\"url\":\"https:\\\/\\\/voyageslointains.fr\\\/wp-content\\\/uploads\\\/2025\\\/08\\\/jpeg-5.png\",\"contentUrl\":\"https:\\\/\\\/voyageslointains.fr\\\/wp-content\\\/uploads\\\/2025\\\/08\\\/jpeg-5.png\",\"width\":1536,\"height\":1024,\"caption\":\"Voyages Lointains\"},\"image\":{\"@id\":\"https:\\\/\\\/voyageslointains.fr\\\/#\\\/schema\\\/logo\\\/image\\\/\"},\"sameAs\":[\"https:\\\/\\\/www.facebook.com\\\/people\\\/Voyageslointains\\\/100086753413367\\\/\",\"https:\\\/\\\/www.instagram.com\\\/voyageslointains.fr\\\/\",\"https:\\\/\\\/www.tiktok.com\\\/@voyageslointains4\",\"https:\\\/\\\/www.youtube.com\\\/channel\\\/UC-77n85-YEEsUetdhGro8Bg\"]}]}<\/script>\n<!-- \/ Yoast SEO plugin. -->","yoast_head_json":{"title":"Suivez nos aventures \u00e0 travers le monde sur voyages lointains - voyageslointains.fr","robots":{"index":"index","follow":"follow","max-snippet":"max-snippet:-1","max-image-preview":"max-image-preview:large","max-video-preview":"max-video-preview:-1"},"canonical":"https:\/\/voyageslointains.fr\/","og_locale":"fr_FR","og_type":"article","og_title":"Suivez nos aventures \u00e0 travers le monde sur voyages lointains - voyageslointains.fr","og_description":"Le voyage est bien plus qu\u2019un loisir pour moi, c\u2019est une v\u00e9ritable fa\u00e7on de vivre. Curieuse et passionn\u00e9e, je pars \u00e0 la d\u00e9couverte du monde d\u00e8s que l\u2019occasion se pr\u00e9sente, que ce soit pour le plaisir ou dans le cadre professionnel. Mon mari est mon fid\u00e8le compagnon d\u2019aventure, et ensemble, nous explorons des destinations qui [&hellip;]","og_url":"https:\/\/voyageslointains.fr\/","og_site_name":"voyageslointains.fr","article_publisher":"https:\/\/www.facebook.com\/people\/Voyageslointains\/100086753413367\/","article_modified_time":"2025-08-09T11:46:30+00:00","og_image":[{"width":1080,"height":1080,"url":"https:\/\/voyageslointains.fr\/wp-content\/uploads\/2025\/08\/Design-sans-titre-1.png","type":"image\/png"}],"twitter_card":"summary_large_image","twitter_misc":{"Dur\u00e9e de lecture estim\u00e9e":"1 minute"},"schema":{"@context":"https:\/\/schema.org","@graph":[{"@type":"WebPage","@id":"https:\/\/voyageslointains.fr\/","url":"https:\/\/voyageslointains.fr\/","name":"Suivez nos aventures \u00e0 travers le monde sur voyages lointains - voyageslointains.fr","isPartOf":{"@id":"https:\/\/voyageslointains.fr\/#website"},"primaryImageOfPage":{"@id":"https:\/\/voyageslointains.fr\/#primaryimage"},"image":{"@id":"https:\/\/voyageslointains.fr\/#primaryimage"},"thumbnailUrl":"http:\/\/voyageslointains.fr\/wp-content\/uploads\/2025\/08\/Design-sans-titre-1-1024x1024.png","datePublished":"2022-06-11T10:09:29+00:00","dateModified":"2025-08-09T11:46:30+00:00","breadcrumb":{"@id":"https:\/\/voyageslointains.fr\/#breadcrumb"},"inLanguage":"fr-FR","potentialAction":[{"@type":"ReadAction","target":["https:\/\/voyageslointains.fr\/"]}]},{"@type":"ImageObject","inLanguage":"fr-FR","@id":"https:\/\/voyageslointains.fr\/#primaryimage","url":"https:\/\/voyageslointains.fr\/wp-content\/uploads\/2025\/08\/Design-sans-titre-1.png","contentUrl":"https:\/\/voyageslointains.fr\/wp-content\/uploads\/2025\/08\/Design-sans-titre-1.png","width":1080,"height":1080},{"@type":"BreadcrumbList","@id":"https:\/\/voyageslointains.fr\/#breadcrumb","itemListElement":[{"@type":"ListItem","position":1,"name":"Accueil","item":"https:\/\/voyageslointains.fr\/"},{"@type":"ListItem","position":2,"name":"Suivez nos aventures \u00e0 travers le monde sur voyages lointains"}]},{"@type":"WebSite","@id":"https:\/\/voyageslointains.fr\/#website","url":"https:\/\/voyageslointains.fr\/","name":"voyageslointains.fr","description":"Suivez nos aventures \u00e0 travers le monde sur voyages lointains","publisher":{"@id":"https:\/\/voyageslointains.fr\/#organization"},"potentialAction":[{"@type":"SearchAction","target":{"@type":"EntryPoint","urlTemplate":"https:\/\/voyageslointains.fr\/?s={search_term_string}"},"query-input":{"@type":"PropertyValueSpecification","valueRequired":true,"valueName":"search_term_string"}}],"inLanguage":"fr-FR"},{"@type":"Organization","@id":"https:\/\/voyageslointains.fr\/#organization","name":"Voyages Lointains","url":"https:\/\/voyageslointains.fr\/","logo":{"@type":"ImageObject","inLanguage":"fr-FR","@id":"https:\/\/voyageslointains.fr\/#\/schema\/logo\/image\/","url":"https:\/\/voyageslointains.fr\/wp-content\/uploads\/2025\/08\/jpeg-5.png","contentUrl":"https:\/\/voyageslointains.fr\/wp-content\/uploads\/2025\/08\/jpeg-5.png","width":1536,"height":1024,"caption":"Voyages Lointains"},"image":{"@id":"https:\/\/voyageslointains.fr\/#\/schema\/logo\/image\/"},"sameAs":["https:\/\/www.facebook.com\/people\/Voyageslointains\/100086753413367\/","https:\/\/www.instagram.com\/voyageslointains.fr\/","https:\/\/www.tiktok.com\/@voyageslointains4","https:\/\/www.youtube.com\/channel\/UC-77n85-YEEsUetdhGro8Bg"]}]}},"_links":{"self":[{"href":"https:\/\/voyageslointains.fr\/index.php?rest_route=\/wp\/v2\/pages\/477","targetHints":{"allow":["GET"]}}],"collection":[{"href":"https:\/\/voyageslointains.fr\/index.php?rest_route=\/wp\/v2\/pages"}],"about":[{"href":"https:\/\/voyageslointains.fr\/index.php?rest_route=\/wp\/v2\/types\/page"}],"author":[{"embeddable":true,"href":"https:\/\/voyageslointains.fr\/index.php?rest_route=\/wp\/v2\/users\/1"}],"replies":[{"embeddable":true,"href":"https:\/\/voyageslointains.fr\/index.php?rest_route=%2Fwp%2Fv2%2Fcomments&post=477"}],"version-history":[{"count":20,"href":"https:\/\/voyageslointains.fr\/index.php?rest_route=\/wp\/v2\/pages\/477\/revisions"}],"predecessor-version":[{"id":5784,"href":"https:\/\/voyageslointains.fr\/index.php?rest_route=\/wp\/v2\/pages\/477\/revisions\/5784"}],"wp:attachment":[{"href":"https:\/\/voyageslointains.fr\/index.php?rest_route=%2Fwp%2Fv2%2Fmedia&parent=477"}],"curies":[{"name":"wp","href":"https:\/\/api.w.org\/{rel}","templated":true}]}}